{"id":2038,"date":"2024-05-08T12:43:01","date_gmt":"2024-05-08T12:43:01","guid":{"rendered":"https:\/\/thecorecleancompany.com\/petclean\/?post_type=product&#038;p=2038"},"modified":"2024-05-09T04:47:17","modified_gmt":"2024-05-09T04:47:17","slug":"electric-accordion-grooming-table","status":"publish","type":"product","link":"https:\/\/www.thecorecleancompany.com\/petclean\/product\/electric-accordion-grooming-table\/","title":{"rendered":"Electric Accordion Grooming Table"},"content":{"rendered":"","protected":false},"excerpt":{"rendered":"<ul>\n<li>Now our FT-899 can also equip all the functional Pro accessories like.<\/li>\n<li>power receptacle, tool organized bar, handy drawer and reliable power protection circuit breaker system.<\/li>\n<\/ul>\n<table>\n<tbody>\n<tr>\n<th>Product Code<\/th>\n<td>PLGT03, PLGT04<\/td>\n<\/tr>\n<tr>\n<th>Color<\/th>\n<td>Black, White<\/td>\n<\/tr>\n<tr>\n<th>Size (inch)<\/th>\n<td>49&#8243;x26&#8243;x11&#8243;-48&#8243;\u0397, 49&#8243;x26&#8243;x11&#8243;-48&#8243;\u0397<\/td>\n<\/tr>\n<tr>\n<th>Size (cm)<\/th>\n<td>125cmL\u00d765cmW\u00d727cm-123cmH, 125cmL\u00d765cmW\u00d727cm-123cmH<\/td>\n<\/tr>\n<tr>\n<th>Master Carton<\/th>\n<td>129x68x30H, 129x68x30H<\/td>\n<\/tr>\n<tr>\n<th>N.W (kg)<\/th>\n<td>64.00, 64.00<\/td>\n<\/tr>\n<tr>\n<th>G.W (kg)<\/th>\n<td>67.00, 67.00<\/td>\n<\/tr>\n<\/tbody>\n<\/table>\n","protected":false},"featured_media":2041,"comment_status":"open","ping_status":"closed","template":"","meta":{"om_disable_all_campaigns":false},"product_cat":[31,29],"product_tag":[],"class_list":{"0":"post-2038","1":"product","2":"type-product","3":"status-publish","4":"has-post-thumbnail","6":"product_cat-bathtub-and-grooming-table","7":"product_cat-pet-living","9":"first","10":"instock","11":"shipping-taxable","12":"product-type-simple"},"yoast_head":"<!-- This site is optimized with the Yoast SEO plugin v26.9 - https:\/\/yoast.com\/product\/yoast-seo-wordpress\/ -->\n<title>Electric Accordion Grooming Table - Pet Clean<\/title>\n<meta name=\"robots\" content=\"index, follow, max-snippet:-1, max-image-preview:large, max-video-preview:-1\" \/>\n<link rel=\"canonical\" href=\"https:\/\/www.thecorecleancompany.com\/petclean\/product\/electric-accordion-grooming-table\/\" \/>\n<meta property=\"og:locale\" content=\"en_US\" \/>\n<meta property=\"og:type\" content=\"article\" \/>\n<meta property=\"og:title\" content=\"Electric Accordion Grooming Table - Pet Clean\" \/>\n<meta property=\"og:description\" content=\"Now our FT-899 can also equip all the functional Pro accessories like.  power receptacle, tool organized bar, handy drawer and reliable power protection circuit breaker system.     Product Code PLGT03, PLGT04   Color Black, White   Size (inch) 49&quot;x26&quot;x11&quot;-48&quot;\u0397, 49&quot;x26&quot;x11&quot;-48&quot;\u0397   Size (cm) 125cmL\u00d765cmW\u00d727cm-123cmH, 125cmL\u00d765cmW\u00d727cm-123cmH   Master Carton 129x68x30H, 129x68x30H   N.W (kg) 64.00, 64.00   G.W (kg) 67.00, 67.00\" \/>\n<meta property=\"og:url\" content=\"https:\/\/www.thecorecleancompany.com\/petclean\/product\/electric-accordion-grooming-table\/\" \/>\n<meta property=\"og:site_name\" content=\"Pet Clean\" \/>\n<meta property=\"article:modified_time\" content=\"2024-05-09T04:47:17+00:00\" \/>\n<meta property=\"og:image\" content=\"https:\/\/www.thecorecleancompany.com\/petclean\/wp-content\/uploads\/2024\/05\/2-7.jpg\" \/>\n\t<meta property=\"og:image:width\" content=\"1100\" \/>\n\t<meta property=\"og:image:height\" content=\"1100\" \/>\n\t<meta property=\"og:image:type\" content=\"image\/jpeg\" \/>\n<meta name=\"twitter:card\" content=\"summary_large_image\" \/>\n<script type=\"application\/ld+json\" class=\"yoast-schema-graph\">{\"@context\":\"https:\/\/schema.org\",\"@graph\":[{\"@type\":\"WebPage\",\"@id\":\"https:\/\/www.thecorecleancompany.com\/petclean\/product\/electric-accordion-grooming-table\/\",\"url\":\"https:\/\/www.thecorecleancompany.com\/petclean\/product\/electric-accordion-grooming-table\/\",\"name\":\"Electric Accordion Grooming Table - Pet Clean\",\"isPartOf\":{\"@id\":\"https:\/\/www.thecorecleancompany.com\/petclean\/#website\"},\"primaryImageOfPage\":{\"@id\":\"https:\/\/www.thecorecleancompany.com\/petclean\/product\/electric-accordion-grooming-table\/#primaryimage\"},\"image\":{\"@id\":\"https:\/\/www.thecorecleancompany.com\/petclean\/product\/electric-accordion-grooming-table\/#primaryimage\"},\"thumbnailUrl\":\"https:\/\/www.thecorecleancompany.com\/petclean\/wp-content\/uploads\/2024\/05\/2-7.jpg\",\"datePublished\":\"2024-05-08T12:43:01+00:00\",\"dateModified\":\"2024-05-09T04:47:17+00:00\",\"breadcrumb\":{\"@id\":\"https:\/\/www.thecorecleancompany.com\/petclean\/product\/electric-accordion-grooming-table\/#breadcrumb\"},\"inLanguage\":\"en-US\",\"potentialAction\":[{\"@type\":\"ReadAction\",\"target\":[\"https:\/\/www.thecorecleancompany.com\/petclean\/product\/electric-accordion-grooming-table\/\"]}]},{\"@type\":\"ImageObject\",\"inLanguage\":\"en-US\",\"@id\":\"https:\/\/www.thecorecleancompany.com\/petclean\/product\/electric-accordion-grooming-table\/#primaryimage\",\"url\":\"https:\/\/www.thecorecleancompany.com\/petclean\/wp-content\/uploads\/2024\/05\/2-7.jpg\",\"contentUrl\":\"https:\/\/www.thecorecleancompany.com\/petclean\/wp-content\/uploads\/2024\/05\/2-7.jpg\",\"width\":1100,\"height\":1100},{\"@type\":\"BreadcrumbList\",\"@id\":\"https:\/\/www.thecorecleancompany.com\/petclean\/product\/electric-accordion-grooming-table\/#breadcrumb\",\"itemListElement\":[{\"@type\":\"ListItem\",\"position\":1,\"name\":\"Home\",\"item\":\"https:\/\/www.thecorecleancompany.com\/petclean\/\"},{\"@type\":\"ListItem\",\"position\":2,\"name\":\"Products\",\"item\":\"https:\/\/www.thecorecleancompany.com\/petclean\/shop\/\"},{\"@type\":\"ListItem\",\"position\":3,\"name\":\"Electric Accordion Grooming Table\"}]},{\"@type\":\"WebSite\",\"@id\":\"https:\/\/www.thecorecleancompany.com\/petclean\/#website\",\"url\":\"https:\/\/www.thecorecleancompany.com\/petclean\/\",\"name\":\"Pet Clean\",\"description\":\"\",\"potentialAction\":[{\"@type\":\"SearchAction\",\"target\":{\"@type\":\"EntryPoint\",\"urlTemplate\":\"https:\/\/www.thecorecleancompany.com\/petclean\/?s={search_term_string}\"},\"query-input\":{\"@type\":\"PropertyValueSpecification\",\"valueRequired\":true,\"valueName\":\"search_term_string\"}}],\"inLanguage\":\"en-US\"}]}<\/script>\n<!-- \/ Yoast SEO plugin. -->","yoast_head_json":{"title":"Electric Accordion Grooming Table - Pet Clean","robots":{"index":"index","follow":"follow","max-snippet":"max-snippet:-1","max-image-preview":"max-image-preview:large","max-video-preview":"max-video-preview:-1"},"canonical":"https:\/\/www.thecorecleancompany.com\/petclean\/product\/electric-accordion-grooming-table\/","og_locale":"en_US","og_type":"article","og_title":"Electric Accordion Grooming Table - Pet Clean","og_description":"Now our FT-899 can also equip all the functional Pro accessories like.  power receptacle, tool organized bar, handy drawer and reliable power protection circuit breaker system.     Product Code PLGT03, PLGT04   Color Black, White   Size (inch) 49\"x26\"x11\"-48\"\u0397, 49\"x26\"x11\"-48\"\u0397   Size (cm) 125cmL\u00d765cmW\u00d727cm-123cmH, 125cmL\u00d765cmW\u00d727cm-123cmH   Master Carton 129x68x30H, 129x68x30H   N.W (kg) 64.00, 64.00   G.W (kg) 67.00, 67.00","og_url":"https:\/\/www.thecorecleancompany.com\/petclean\/product\/electric-accordion-grooming-table\/","og_site_name":"Pet Clean","article_modified_time":"2024-05-09T04:47:17+00:00","og_image":[{"width":1100,"height":1100,"url":"https:\/\/www.thecorecleancompany.com\/petclean\/wp-content\/uploads\/2024\/05\/2-7.jpg","type":"image\/jpeg"}],"twitter_card":"summary_large_image","schema":{"@context":"https:\/\/schema.org","@graph":[{"@type":"WebPage","@id":"https:\/\/www.thecorecleancompany.com\/petclean\/product\/electric-accordion-grooming-table\/","url":"https:\/\/www.thecorecleancompany.com\/petclean\/product\/electric-accordion-grooming-table\/","name":"Electric Accordion Grooming Table - Pet Clean","isPartOf":{"@id":"https:\/\/www.thecorecleancompany.com\/petclean\/#website"},"primaryImageOfPage":{"@id":"https:\/\/www.thecorecleancompany.com\/petclean\/product\/electric-accordion-grooming-table\/#primaryimage"},"image":{"@id":"https:\/\/www.thecorecleancompany.com\/petclean\/product\/electric-accordion-grooming-table\/#primaryimage"},"thumbnailUrl":"https:\/\/www.thecorecleancompany.com\/petclean\/wp-content\/uploads\/2024\/05\/2-7.jpg","datePublished":"2024-05-08T12:43:01+00:00","dateModified":"2024-05-09T04:47:17+00:00","breadcrumb":{"@id":"https:\/\/www.thecorecleancompany.com\/petclean\/product\/electric-accordion-grooming-table\/#breadcrumb"},"inLanguage":"en-US","potentialAction":[{"@type":"ReadAction","target":["https:\/\/www.thecorecleancompany.com\/petclean\/product\/electric-accordion-grooming-table\/"]}]},{"@type":"ImageObject","inLanguage":"en-US","@id":"https:\/\/www.thecorecleancompany.com\/petclean\/product\/electric-accordion-grooming-table\/#primaryimage","url":"https:\/\/www.thecorecleancompany.com\/petclean\/wp-content\/uploads\/2024\/05\/2-7.jpg","contentUrl":"https:\/\/www.thecorecleancompany.com\/petclean\/wp-content\/uploads\/2024\/05\/2-7.jpg","width":1100,"height":1100},{"@type":"BreadcrumbList","@id":"https:\/\/www.thecorecleancompany.com\/petclean\/product\/electric-accordion-grooming-table\/#breadcrumb","itemListElement":[{"@type":"ListItem","position":1,"name":"Home","item":"https:\/\/www.thecorecleancompany.com\/petclean\/"},{"@type":"ListItem","position":2,"name":"Products","item":"https:\/\/www.thecorecleancompany.com\/petclean\/shop\/"},{"@type":"ListItem","position":3,"name":"Electric Accordion Grooming Table"}]},{"@type":"WebSite","@id":"https:\/\/www.thecorecleancompany.com\/petclean\/#website","url":"https:\/\/www.thecorecleancompany.com\/petclean\/","name":"Pet Clean","description":"","potentialAction":[{"@type":"SearchAction","target":{"@type":"EntryPoint","urlTemplate":"https:\/\/www.thecorecleancompany.com\/petclean\/?s={search_term_string}"},"query-input":{"@type":"PropertyValueSpecification","valueRequired":true,"valueName":"search_term_string"}}],"inLanguage":"en-US"}]}},"_links":{"self":[{"href":"https:\/\/www.thecorecleancompany.com\/petclean\/wp-json\/wp\/v2\/product\/2038","targetHints":{"allow":["GET"]}}],"collection":[{"href":"https:\/\/www.thecorecleancompany.com\/petclean\/wp-json\/wp\/v2\/product"}],"about":[{"href":"https:\/\/www.thecorecleancompany.com\/petclean\/wp-json\/wp\/v2\/types\/product"}],"replies":[{"embeddable":true,"href":"https:\/\/www.thecorecleancompany.com\/petclean\/wp-json\/wp\/v2\/comments?post=2038"}],"version-history":[{"count":0,"href":"https:\/\/www.thecorecleancompany.com\/petclean\/wp-json\/wp\/v2\/product\/2038\/revisions"}],"wp:featuredmedia":[{"embeddable":true,"href":"https:\/\/www.thecorecleancompany.com\/petclean\/wp-json\/wp\/v2\/media\/2041"}],"wp:attachment":[{"href":"https:\/\/www.thecorecleancompany.com\/petclean\/wp-json\/wp\/v2\/media?parent=2038"}],"wp:term":[{"taxonomy":"product_cat","embeddable":true,"href":"https:\/\/www.thecorecleancompany.com\/petclean\/wp-json\/wp\/v2\/product_cat?post=2038"},{"taxonomy":"product_tag","embeddable":true,"href":"https:\/\/www.thecorecleancompany.com\/petclean\/wp-json\/wp\/v2\/product_tag?post=2038"}],"curies":[{"name":"wp","href":"https:\/\/api.w.org\/{rel}","templated":true}]}}